{"id":184,"date":"2020-03-25T11:37:50","date_gmt":"2020-03-25T10:37:50","guid":{"rendered":"http:\/\/les-jardins-croyables.fr\/?page_id=184"},"modified":"2025-09-24T16:35:29","modified_gmt":"2025-09-24T14:35:29","slug":"accueil","status":"publish","type":"page","link":"https:\/\/les-jardins-croyables.fr\/","title":{"rendered":"Les jardins croyables"},"content":{"rendered":"\n<p>Install\u00e9 sur une micro-ferme en mara\u00eechage bio \u00e0 <strong>Clairac<\/strong>, je propose des <strong>paniers de l\u00e9gumes bio et locaux<\/strong> tous les <strong>mardis soirs<\/strong> (sauf en mars\/avril).<\/p>\n\n\n\n<p><strong>18\u20ac pour environ 6kg<\/strong> de l\u00e9gumes (ou 15\u20ac pour les abonn\u00e9s annuels). Possibilit\u00e9 de faire des demi-paniers. <\/p>\n\n\n\n<p>La distribution \u00e0 lieu le mardi soir entre 18h et 19h30 \u00e0 la ferme (1623 route d&rsquo;Aiguillon, 47320 CLAIRAC). La ferme est <strong>\u00e0 10min d&rsquo;Aiguillon ou Tonneins<\/strong>.<\/p>\n\n\n\n<p><strong>N&rsquo;h\u00e9sitez pas \u00e0 nous appeler pour des renseignements ou pour r\u00e9server un panier !<\/strong><\/p>\n\n\n\n<p><em>Et n&rsquo;h\u00e9sitez pas \u00e0 faire passer l&rsquo;info en partageant l&rsquo;image ci-dessous sur vos r\u00e9seaux !<\/em><\/p>\n\n\n\n<figure class=\"wp-block-image size-large\"><img data-recalc-dims=\"1\" loading=\"lazy\" decoding=\"async\" width=\"952\" height=\"1024\" src=\"https:\/\/i0.wp.com\/les-jardins-croyables.fr\/wp-content\/uploads\/2025\/09\/Flyer-carre-FB.jpg?resize=952%2C1024&#038;ssl=1\" alt=\"\" class=\"wp-image-774\" srcset=\"https:\/\/i0.wp.com\/les-jardins-croyables.fr\/wp-content\/uploads\/2025\/09\/Flyer-carre-FB.jpg?resize=952%2C1024&amp;ssl=1 952w, https:\/\/i0.wp.com\/les-jardins-croyables.fr\/wp-content\/uploads\/2025\/09\/Flyer-carre-FB.jpg?resize=279%2C300&amp;ssl=1 279w, https:\/\/i0.wp.com\/les-jardins-croyables.fr\/wp-content\/uploads\/2025\/09\/Flyer-carre-FB.jpg?resize=768%2C826&amp;ssl=1 768w, https:\/\/i0.wp.com\/les-jardins-croyables.fr\/wp-content\/uploads\/2025\/09\/Flyer-carre-FB.jpg?resize=56%2C60&amp;ssl=1 56w, https:\/\/i0.wp.com\/les-jardins-croyables.fr\/wp-content\/uploads\/2025\/09\/Flyer-carre-FB.jpg?w=1182&amp;ssl=1 1182w\" sizes=\"auto, (max-width: 952px) 100vw, 952px\" \/><\/figure>\n","protected":false},"excerpt":{"rendered":"<p>Install\u00e9 sur une micro-ferme en mara\u00eechage bio \u00e0 Clairac, je propose des paniers de l\u00e9gumes bio et locaux tous les &hellip; <\/p>\n","protected":false},"author":1,"featured_media":0,"parent":0,"menu_order":0,"comment_status":"closed","ping_status":"closed","template":"","meta":{"footnotes":""},"class_list":["post-184","page","type-page","status-publish","hentry"],"yoast_head":"<!-- This site is optimized with the Yoast SEO plugin v27.5 - https:\/\/yoast.com\/product\/yoast-seo-wordpress\/ -->\n<title>Les Jardins Croyables - Paniers de l\u00e9gumes bio \u00e0 Clairac<\/title>\n<meta name=\"description\" content=\"A la ferme sont cultiv\u00e9s pour vous des l\u00e9gumes bio, vari\u00e9s et de saison, sur une petite parcelle pr\u00e8s de Clairac. Reservez votre panier !\" \/>\n<meta name=\"robots\" content=\"index, follow, max-snippet:-1, max-image-preview:large, max-video-preview:-1\" \/>\n<link rel=\"canonical\" href=\"https:\/\/les-jardins-croyables.fr\/\" \/>\n<meta property=\"og:locale\" content=\"fr_FR\" \/>\n<meta property=\"og:type\" content=\"article\" \/>\n<meta property=\"og:title\" content=\"Les Jardins Croyables - Paniers de l\u00e9gumes bio \u00e0 Clairac\" \/>\n<meta property=\"og:description\" content=\"A la ferme sont cultiv\u00e9s pour vous des l\u00e9gumes bio, vari\u00e9s et de saison, sur une petite parcelle pr\u00e8s de Clairac. Reservez votre panier !\" \/>\n<meta property=\"og:url\" content=\"https:\/\/les-jardins-croyables.fr\/\" \/>\n<meta property=\"og:site_name\" content=\"Les Jardins Croyables\" \/>\n<meta property=\"article:modified_time\" content=\"2025-09-24T14:35:29+00:00\" \/>\n<meta property=\"og:image\" content=\"https:\/\/les-jardins-croyables.fr\/wp-content\/uploads\/2025\/09\/Flyer-carre-FB-952x1024.jpg\" \/>\n<meta name=\"twitter:card\" content=\"summary_large_image\" \/>\n<meta name=\"twitter:label1\" content=\"Dur\u00e9e de lecture estim\u00e9e\" \/>\n\t<meta name=\"twitter:data1\" content=\"1 minute\" \/>\n<script type=\"application\/ld+json\" class=\"yoast-schema-graph\">{\"@context\":\"https:\\\/\\\/schema.org\",\"@graph\":[{\"@type\":\"WebPage\",\"@id\":\"https:\\\/\\\/les-jardins-croyables.fr\\\/\",\"url\":\"https:\\\/\\\/les-jardins-croyables.fr\\\/\",\"name\":\"Les Jardins Croyables - Paniers de l\u00e9gumes bio \u00e0 Clairac\",\"isPartOf\":{\"@id\":\"https:\\\/\\\/les-jardins-croyables.fr\\\/#website\"},\"primaryImageOfPage\":{\"@id\":\"https:\\\/\\\/les-jardins-croyables.fr\\\/#primaryimage\"},\"image\":{\"@id\":\"https:\\\/\\\/les-jardins-croyables.fr\\\/#primaryimage\"},\"thumbnailUrl\":\"https:\\\/\\\/les-jardins-croyables.fr\\\/wp-content\\\/uploads\\\/2025\\\/09\\\/Flyer-carre-FB-952x1024.jpg\",\"datePublished\":\"2020-03-25T10:37:50+00:00\",\"dateModified\":\"2025-09-24T14:35:29+00:00\",\"description\":\"A la ferme sont cultiv\u00e9s pour vous des l\u00e9gumes bio, vari\u00e9s et de saison, sur une petite parcelle pr\u00e8s de Clairac. Reservez votre panier !\",\"breadcrumb\":{\"@id\":\"https:\\\/\\\/les-jardins-croyables.fr\\\/#breadcrumb\"},\"inLanguage\":\"fr-FR\",\"potentialAction\":[{\"@type\":\"ReadAction\",\"target\":[\"https:\\\/\\\/les-jardins-croyables.fr\\\/\"]}]},{\"@type\":\"ImageObject\",\"inLanguage\":\"fr-FR\",\"@id\":\"https:\\\/\\\/les-jardins-croyables.fr\\\/#primaryimage\",\"url\":\"https:\\\/\\\/i0.wp.com\\\/les-jardins-croyables.fr\\\/wp-content\\\/uploads\\\/2025\\\/09\\\/Flyer-carre-FB.jpg?fit=1182%2C1271&ssl=1\",\"contentUrl\":\"https:\\\/\\\/i0.wp.com\\\/les-jardins-croyables.fr\\\/wp-content\\\/uploads\\\/2025\\\/09\\\/Flyer-carre-FB.jpg?fit=1182%2C1271&ssl=1\",\"width\":1182,\"height\":1271},{\"@type\":\"BreadcrumbList\",\"@id\":\"https:\\\/\\\/les-jardins-croyables.fr\\\/#breadcrumb\",\"itemListElement\":[{\"@type\":\"ListItem\",\"position\":1,\"name\":\"Accueil\",\"item\":\"https:\\\/\\\/les-jardins-croyables.fr\\\/\"},{\"@type\":\"ListItem\",\"position\":2,\"name\":\"Les jardins croyables\"}]},{\"@type\":\"WebSite\",\"@id\":\"https:\\\/\\\/les-jardins-croyables.fr\\\/#website\",\"url\":\"https:\\\/\\\/les-jardins-croyables.fr\\\/\",\"name\":\"Les Jardins Croyables\",\"description\":\"Paniers de l\u00e9gumes bio \u00e0 Clairac\",\"publisher\":{\"@id\":\"https:\\\/\\\/les-jardins-croyables.fr\\\/#organization\"},\"potentialAction\":[{\"@type\":\"SearchAction\",\"target\":{\"@type\":\"EntryPoint\",\"urlTemplate\":\"https:\\\/\\\/les-jardins-croyables.fr\\\/?s={search_term_string}\"},\"query-input\":{\"@type\":\"PropertyValueSpecification\",\"valueRequired\":true,\"valueName\":\"search_term_string\"}}],\"inLanguage\":\"fr-FR\"},{\"@type\":\"Organization\",\"@id\":\"https:\\\/\\\/les-jardins-croyables.fr\\\/#organization\",\"name\":\"Les Jardins Croyables\",\"url\":\"https:\\\/\\\/les-jardins-croyables.fr\\\/\",\"logo\":{\"@type\":\"ImageObject\",\"inLanguage\":\"fr-FR\",\"@id\":\"https:\\\/\\\/les-jardins-croyables.fr\\\/#\\\/schema\\\/logo\\\/image\\\/\",\"url\":\"\",\"contentUrl\":\"\",\"caption\":\"Les Jardins Croyables\"},\"image\":{\"@id\":\"https:\\\/\\\/les-jardins-croyables.fr\\\/#\\\/schema\\\/logo\\\/image\\\/\"}}]}<\/script>\n<!-- \/ Yoast SEO plugin. -->","yoast_head_json":{"title":"Les Jardins Croyables - Paniers de l\u00e9gumes bio \u00e0 Clairac","description":"A la ferme sont cultiv\u00e9s pour vous des l\u00e9gumes bio, vari\u00e9s et de saison, sur une petite parcelle pr\u00e8s de Clairac. Reservez votre panier !","robots":{"index":"index","follow":"follow","max-snippet":"max-snippet:-1","max-image-preview":"max-image-preview:large","max-video-preview":"max-video-preview:-1"},"canonical":"https:\/\/les-jardins-croyables.fr\/","og_locale":"fr_FR","og_type":"article","og_title":"Les Jardins Croyables - Paniers de l\u00e9gumes bio \u00e0 Clairac","og_description":"A la ferme sont cultiv\u00e9s pour vous des l\u00e9gumes bio, vari\u00e9s et de saison, sur une petite parcelle pr\u00e8s de Clairac. Reservez votre panier !","og_url":"https:\/\/les-jardins-croyables.fr\/","og_site_name":"Les Jardins Croyables","article_modified_time":"2025-09-24T14:35:29+00:00","og_image":[{"url":"https:\/\/les-jardins-croyables.fr\/wp-content\/uploads\/2025\/09\/Flyer-carre-FB-952x1024.jpg","type":"","width":"","height":""}],"twitter_card":"summary_large_image","twitter_misc":{"Dur\u00e9e de lecture estim\u00e9e":"1 minute"},"schema":{"@context":"https:\/\/schema.org","@graph":[{"@type":"WebPage","@id":"https:\/\/les-jardins-croyables.fr\/","url":"https:\/\/les-jardins-croyables.fr\/","name":"Les Jardins Croyables - Paniers de l\u00e9gumes bio \u00e0 Clairac","isPartOf":{"@id":"https:\/\/les-jardins-croyables.fr\/#website"},"primaryImageOfPage":{"@id":"https:\/\/les-jardins-croyables.fr\/#primaryimage"},"image":{"@id":"https:\/\/les-jardins-croyables.fr\/#primaryimage"},"thumbnailUrl":"https:\/\/les-jardins-croyables.fr\/wp-content\/uploads\/2025\/09\/Flyer-carre-FB-952x1024.jpg","datePublished":"2020-03-25T10:37:50+00:00","dateModified":"2025-09-24T14:35:29+00:00","description":"A la ferme sont cultiv\u00e9s pour vous des l\u00e9gumes bio, vari\u00e9s et de saison, sur une petite parcelle pr\u00e8s de Clairac. Reservez votre panier !","breadcrumb":{"@id":"https:\/\/les-jardins-croyables.fr\/#breadcrumb"},"inLanguage":"fr-FR","potentialAction":[{"@type":"ReadAction","target":["https:\/\/les-jardins-croyables.fr\/"]}]},{"@type":"ImageObject","inLanguage":"fr-FR","@id":"https:\/\/les-jardins-croyables.fr\/#primaryimage","url":"https:\/\/i0.wp.com\/les-jardins-croyables.fr\/wp-content\/uploads\/2025\/09\/Flyer-carre-FB.jpg?fit=1182%2C1271&ssl=1","contentUrl":"https:\/\/i0.wp.com\/les-jardins-croyables.fr\/wp-content\/uploads\/2025\/09\/Flyer-carre-FB.jpg?fit=1182%2C1271&ssl=1","width":1182,"height":1271},{"@type":"BreadcrumbList","@id":"https:\/\/les-jardins-croyables.fr\/#breadcrumb","itemListElement":[{"@type":"ListItem","position":1,"name":"Accueil","item":"https:\/\/les-jardins-croyables.fr\/"},{"@type":"ListItem","position":2,"name":"Les jardins croyables"}]},{"@type":"WebSite","@id":"https:\/\/les-jardins-croyables.fr\/#website","url":"https:\/\/les-jardins-croyables.fr\/","name":"Les Jardins Croyables","description":"Paniers de l\u00e9gumes bio \u00e0 Clairac","publisher":{"@id":"https:\/\/les-jardins-croyables.fr\/#organization"},"potentialAction":[{"@type":"SearchAction","target":{"@type":"EntryPoint","urlTemplate":"https:\/\/les-jardins-croyables.fr\/?s={search_term_string}"},"query-input":{"@type":"PropertyValueSpecification","valueRequired":true,"valueName":"search_term_string"}}],"inLanguage":"fr-FR"},{"@type":"Organization","@id":"https:\/\/les-jardins-croyables.fr\/#organization","name":"Les Jardins Croyables","url":"https:\/\/les-jardins-croyables.fr\/","logo":{"@type":"ImageObject","inLanguage":"fr-FR","@id":"https:\/\/les-jardins-croyables.fr\/#\/schema\/logo\/image\/","url":"","contentUrl":"","caption":"Les Jardins Croyables"},"image":{"@id":"https:\/\/les-jardins-croyables.fr\/#\/schema\/logo\/image\/"}}]}},"jetpack_sharing_enabled":true,"_links":{"self":[{"href":"https:\/\/les-jardins-croyables.fr\/index.php\/wp-json\/wp\/v2\/pages\/184","targetHints":{"allow":["GET"]}}],"collection":[{"href":"https:\/\/les-jardins-croyables.fr\/index.php\/wp-json\/wp\/v2\/pages"}],"about":[{"href":"https:\/\/les-jardins-croyables.fr\/index.php\/wp-json\/wp\/v2\/types\/page"}],"author":[{"embeddable":true,"href":"https:\/\/les-jardins-croyables.fr\/index.php\/wp-json\/wp\/v2\/users\/1"}],"replies":[{"embeddable":true,"href":"https:\/\/les-jardins-croyables.fr\/index.php\/wp-json\/wp\/v2\/comments?post=184"}],"version-history":[{"count":25,"href":"https:\/\/les-jardins-croyables.fr\/index.php\/wp-json\/wp\/v2\/pages\/184\/revisions"}],"predecessor-version":[{"id":794,"href":"https:\/\/les-jardins-croyables.fr\/index.php\/wp-json\/wp\/v2\/pages\/184\/revisions\/794"}],"wp:attachment":[{"href":"https:\/\/les-jardins-croyables.fr\/index.php\/wp-json\/wp\/v2\/media?parent=184"}],"curies":[{"name":"wp","href":"https:\/\/api.w.org\/{rel}","templated":true}]}}