{"id":781,"date":"2025-09-24T16:03:21","date_gmt":"2025-09-24T14:03:21","guid":{"rendered":"https:\/\/les-jardins-croyables.fr\/?page_id=781"},"modified":"2025-09-24T16:20:40","modified_gmt":"2025-09-24T14:20:40","slug":"presentation","status":"publish","type":"page","link":"https:\/\/les-jardins-croyables.fr\/index.php\/presentation\/","title":{"rendered":"Pr\u00e9sentation"},"content":{"rendered":"\n<h1 class=\"wp-block-heading\">Pr\u00e9sentation de la ferme<\/h1>\n\n\n\n<p class=\"has-text-align-left\" id=\"block-e326f1ae-1e5e-478b-8d76-738009b21b2f\">Les jardins croyables est une  micro-ferme en mara\u00eechage bio \u00e0 Clairac, dans le Lot-et-Garonne (47)<\/p>\n\n\n\n<p class=\"has-text-align-left\" id=\"block-2d5568d0-360b-426a-804f-942bffaf8dac\">Les l\u00e9gumes sont de vari\u00e9t\u00e9s paysannes, cultiv\u00e9s en plein champ et sous serre, en agriculture biologique et toujours de saison.<\/p>\n\n\n\n<p class=\"has-text-align-left\">Je pr\u00e9pare tous mes plants, pour \u00eatre autonome, et je ne travaille pas la terre, par exemple en labourant, afin de ne pas d\u00e9ranger la vie du sol.<\/p>\n\n\n\n<p class=\"has-text-align-left\">Chaque semaine, je pr\u00e9pare des paniers avec divers l\u00e9gumes de saison, r\u00e9partis entre tous mes clients, qui ach\u00e8tent toute ma r\u00e9colte pour l\u2019ann\u00e9e (syst\u00e8me d&rsquo;AMAP) depuis 2020. Nous avons depuis ouvert la possibilit\u00e9 d&rsquo;avoir des paniers sur commande.<\/p>\n\n\n\n<p class=\"has-text-align-left\" id=\"block-5bd22618-4f48-43ad-8257-28db1be33afb\">Nos sommes disponibles pour \u00e9changer des informations ou vous faire visiter la ferme.<\/p>\n\n\n\n<p class=\"has-text-align-left\" id=\"block-9f2eefe6-2de4-469e-b10c-93062f51e8f9\">\u00c0 tr\u00e8s bient\u00f4t \u00e0 la ferme !<\/p>\n\n\n\n<p><\/p>\n\n\n\n<h1 class=\"wp-block-heading\">Pr\u00e9cisions pour vernir \u00e0 la ferme :<\/h1>\n\n\n\n<p id=\"block-432ff5d7-ae6a-44fc-a29f-a868098e7a94\">La distribution a lieu \u00e0 la ferme, \u00e0 Chante (Clairac).<\/p>\n\n\n\n<p id=\"block-72a880ad-43b3-4d1c-8afa-86de0be2b062\">Prenez l\u2019all\u00e9e et garez-vous suivez les panneaux pour venir vous garer devant la serre<\/p>\n\n\n\n<h4 class=\"wp-block-heading\" id=\"block-54940e76-e20c-41a3-af3c-53d174633970\">Venir depuis Clairac :<\/h4>\n\n\n\n<p>Sortez de la ville direction Aiguillon, passez devant le cimeti\u00e8re. Roulez 1.5 km en passant devant le stade, Vermande et ch\u00e2teau Marith. Chante est indiqu\u00e9e sur la gauche au niveau d\u2019un panneau bleu \u201cAttention cyclistes\u201d<\/p>\n\n\n\n<h4 class=\"wp-block-heading\" id=\"block-48e6780d-b9bd-464b-9efc-e6ac86da5c9a\">Venir depuis Aiguillon :<\/h4>\n\n\n\n<p>Sortez de la ville en prenant le pont sur la Garonne, vers Tonneins. Tournez apr\u00e8s le pont \u00e0 droite, direction Clairac. Roulez 5.2 km en passant par Fernand. Chante est indiqu\u00e9e sur la droite au niveau d\u2019un panneau bleu \u201cAttention cyclistes\u201d<\/p>\n\n\n\n<h4 class=\"wp-block-heading\">Venir depuis Tonneins :<\/h4>\n\n\n\n<p>Allez \u00e0 Clairac, puis suivez les instructions correspondantes<\/p>\n\n\n\n<p><\/p>\n\n\n\n<p><strong>Nous sommes r\u00e9f\u00e9renc\u00e9s sur google maps, cherchez \u00ab\u00a0les jardins croyables Clairac\u00a0\u00bb<\/strong><\/p>\n","protected":false},"excerpt":{"rendered":"<p>Pr\u00e9sentation de la ferme Les jardins croyables est une micro-ferme en mara\u00eechage bio \u00e0 Clairac, dans le Lot-et-Garonne (47) Les &hellip; <\/p>\n","protected":false},"author":1,"featured_media":0,"parent":0,"menu_order":0,"comment_status":"closed","ping_status":"closed","template":"","meta":{"footnotes":""},"class_list":["post-781","page","type-page","status-publish","hentry"],"yoast_head":"<!-- This site is optimized with the Yoast SEO plugin v27.4 - https:\/\/yoast.com\/product\/yoast-seo-wordpress\/ -->\n<title>Pr\u00e9sentation - Les Jardins Croyables<\/title>\n<meta name=\"robots\" content=\"index, follow, max-snippet:-1, max-image-preview:large, max-video-preview:-1\" \/>\n<link rel=\"canonical\" href=\"https:\/\/les-jardins-croyables.fr\/index.php\/presentation\/\" \/>\n<meta property=\"og:locale\" content=\"fr_FR\" \/>\n<meta property=\"og:type\" content=\"article\" \/>\n<meta property=\"og:title\" content=\"Pr\u00e9sentation - Les Jardins Croyables\" \/>\n<meta property=\"og:description\" content=\"Pr\u00e9sentation de la ferme Les jardins croyables est une micro-ferme en mara\u00eechage bio \u00e0 Clairac, dans le Lot-et-Garonne (47) Les &hellip;\" \/>\n<meta property=\"og:url\" content=\"https:\/\/les-jardins-croyables.fr\/index.php\/presentation\/\" \/>\n<meta property=\"og:site_name\" content=\"Les Jardins Croyables\" \/>\n<meta property=\"article:modified_time\" content=\"2025-09-24T14:20:40+00:00\" \/>\n<meta name=\"twitter:card\" content=\"summary_large_image\" \/>\n<meta name=\"twitter:label1\" content=\"Dur\u00e9e de lecture estim\u00e9e\" \/>\n\t<meta name=\"twitter:data1\" content=\"2 minutes\" \/>\n<script type=\"application\/ld+json\" class=\"yoast-schema-graph\">{\"@context\":\"https:\\\/\\\/schema.org\",\"@graph\":[{\"@type\":\"WebPage\",\"@id\":\"https:\\\/\\\/les-jardins-croyables.fr\\\/index.php\\\/presentation\\\/\",\"url\":\"https:\\\/\\\/les-jardins-croyables.fr\\\/index.php\\\/presentation\\\/\",\"name\":\"Pr\u00e9sentation - Les Jardins Croyables\",\"isPartOf\":{\"@id\":\"https:\\\/\\\/les-jardins-croyables.fr\\\/#website\"},\"datePublished\":\"2025-09-24T14:03:21+00:00\",\"dateModified\":\"2025-09-24T14:20:40+00:00\",\"breadcrumb\":{\"@id\":\"https:\\\/\\\/les-jardins-croyables.fr\\\/index.php\\\/presentation\\\/#breadcrumb\"},\"inLanguage\":\"fr-FR\",\"potentialAction\":[{\"@type\":\"ReadAction\",\"target\":[\"https:\\\/\\\/les-jardins-croyables.fr\\\/index.php\\\/presentation\\\/\"]}]},{\"@type\":\"BreadcrumbList\",\"@id\":\"https:\\\/\\\/les-jardins-croyables.fr\\\/index.php\\\/presentation\\\/#breadcrumb\",\"itemListElement\":[{\"@type\":\"ListItem\",\"position\":1,\"name\":\"Accueil\",\"item\":\"https:\\\/\\\/les-jardins-croyables.fr\\\/\"},{\"@type\":\"ListItem\",\"position\":2,\"name\":\"Pr\u00e9sentation\"}]},{\"@type\":\"WebSite\",\"@id\":\"https:\\\/\\\/les-jardins-croyables.fr\\\/#website\",\"url\":\"https:\\\/\\\/les-jardins-croyables.fr\\\/\",\"name\":\"Les Jardins Croyables\",\"description\":\"Paniers de l\u00e9gumes bio \u00e0 Clairac\",\"publisher\":{\"@id\":\"https:\\\/\\\/les-jardins-croyables.fr\\\/#organization\"},\"potentialAction\":[{\"@type\":\"SearchAction\",\"target\":{\"@type\":\"EntryPoint\",\"urlTemplate\":\"https:\\\/\\\/les-jardins-croyables.fr\\\/?s={search_term_string}\"},\"query-input\":{\"@type\":\"PropertyValueSpecification\",\"valueRequired\":true,\"valueName\":\"search_term_string\"}}],\"inLanguage\":\"fr-FR\"},{\"@type\":\"Organization\",\"@id\":\"https:\\\/\\\/les-jardins-croyables.fr\\\/#organization\",\"name\":\"Les Jardins Croyables\",\"url\":\"https:\\\/\\\/les-jardins-croyables.fr\\\/\",\"logo\":{\"@type\":\"ImageObject\",\"inLanguage\":\"fr-FR\",\"@id\":\"https:\\\/\\\/les-jardins-croyables.fr\\\/#\\\/schema\\\/logo\\\/image\\\/\",\"url\":\"\",\"contentUrl\":\"\",\"caption\":\"Les Jardins Croyables\"},\"image\":{\"@id\":\"https:\\\/\\\/les-jardins-croyables.fr\\\/#\\\/schema\\\/logo\\\/image\\\/\"}}]}<\/script>\n<!-- \/ Yoast SEO plugin. -->","yoast_head_json":{"title":"Pr\u00e9sentation - Les Jardins Croyables","robots":{"index":"index","follow":"follow","max-snippet":"max-snippet:-1","max-image-preview":"max-image-preview:large","max-video-preview":"max-video-preview:-1"},"canonical":"https:\/\/les-jardins-croyables.fr\/index.php\/presentation\/","og_locale":"fr_FR","og_type":"article","og_title":"Pr\u00e9sentation - Les Jardins Croyables","og_description":"Pr\u00e9sentation de la ferme Les jardins croyables est une micro-ferme en mara\u00eechage bio \u00e0 Clairac, dans le Lot-et-Garonne (47) Les &hellip;","og_url":"https:\/\/les-jardins-croyables.fr\/index.php\/presentation\/","og_site_name":"Les Jardins Croyables","article_modified_time":"2025-09-24T14:20:40+00:00","twitter_card":"summary_large_image","twitter_misc":{"Dur\u00e9e de lecture estim\u00e9e":"2 minutes"},"schema":{"@context":"https:\/\/schema.org","@graph":[{"@type":"WebPage","@id":"https:\/\/les-jardins-croyables.fr\/index.php\/presentation\/","url":"https:\/\/les-jardins-croyables.fr\/index.php\/presentation\/","name":"Pr\u00e9sentation - Les Jardins Croyables","isPartOf":{"@id":"https:\/\/les-jardins-croyables.fr\/#website"},"datePublished":"2025-09-24T14:03:21+00:00","dateModified":"2025-09-24T14:20:40+00:00","breadcrumb":{"@id":"https:\/\/les-jardins-croyables.fr\/index.php\/presentation\/#breadcrumb"},"inLanguage":"fr-FR","potentialAction":[{"@type":"ReadAction","target":["https:\/\/les-jardins-croyables.fr\/index.php\/presentation\/"]}]},{"@type":"BreadcrumbList","@id":"https:\/\/les-jardins-croyables.fr\/index.php\/presentation\/#breadcrumb","itemListElement":[{"@type":"ListItem","position":1,"name":"Accueil","item":"https:\/\/les-jardins-croyables.fr\/"},{"@type":"ListItem","position":2,"name":"Pr\u00e9sentation"}]},{"@type":"WebSite","@id":"https:\/\/les-jardins-croyables.fr\/#website","url":"https:\/\/les-jardins-croyables.fr\/","name":"Les Jardins Croyables","description":"Paniers de l\u00e9gumes bio \u00e0 Clairac","publisher":{"@id":"https:\/\/les-jardins-croyables.fr\/#organization"},"potentialAction":[{"@type":"SearchAction","target":{"@type":"EntryPoint","urlTemplate":"https:\/\/les-jardins-croyables.fr\/?s={search_term_string}"},"query-input":{"@type":"PropertyValueSpecification","valueRequired":true,"valueName":"search_term_string"}}],"inLanguage":"fr-FR"},{"@type":"Organization","@id":"https:\/\/les-jardins-croyables.fr\/#organization","name":"Les Jardins Croyables","url":"https:\/\/les-jardins-croyables.fr\/","logo":{"@type":"ImageObject","inLanguage":"fr-FR","@id":"https:\/\/les-jardins-croyables.fr\/#\/schema\/logo\/image\/","url":"","contentUrl":"","caption":"Les Jardins Croyables"},"image":{"@id":"https:\/\/les-jardins-croyables.fr\/#\/schema\/logo\/image\/"}}]}},"jetpack_sharing_enabled":true,"_links":{"self":[{"href":"https:\/\/les-jardins-croyables.fr\/index.php\/wp-json\/wp\/v2\/pages\/781","targetHints":{"allow":["GET"]}}],"collection":[{"href":"https:\/\/les-jardins-croyables.fr\/index.php\/wp-json\/wp\/v2\/pages"}],"about":[{"href":"https:\/\/les-jardins-croyables.fr\/index.php\/wp-json\/wp\/v2\/types\/page"}],"author":[{"embeddable":true,"href":"https:\/\/les-jardins-croyables.fr\/index.php\/wp-json\/wp\/v2\/users\/1"}],"replies":[{"embeddable":true,"href":"https:\/\/les-jardins-croyables.fr\/index.php\/wp-json\/wp\/v2\/comments?post=781"}],"version-history":[{"count":3,"href":"https:\/\/les-jardins-croyables.fr\/index.php\/wp-json\/wp\/v2\/pages\/781\/revisions"}],"predecessor-version":[{"id":789,"href":"https:\/\/les-jardins-croyables.fr\/index.php\/wp-json\/wp\/v2\/pages\/781\/revisions\/789"}],"wp:attachment":[{"href":"https:\/\/les-jardins-croyables.fr\/index.php\/wp-json\/wp\/v2\/media?parent=781"}],"curies":[{"name":"wp","href":"https:\/\/api.w.org\/{rel}","templated":true}]}}